{"id":801,"date":"2021-06-04T22:20:41","date_gmt":"2021-06-04T20:20:41","guid":{"rendered":"https:\/\/ogv-floss.de\/?page_id=801"},"modified":"2024-11-09T17:39:41","modified_gmt":"2024-11-09T16:39:41","slug":"impressum","status":"publish","type":"page","link":"https:\/\/ogv-floss.de\/?page_id=801","title":{"rendered":"Impressum"},"content":{"rendered":"\n<div class=\"wp-block-getwid-section hbild alignfull getwid-anim fadeIn\" data-wow-duration=\"2000ms\" data-wow-delay=\"100ms\"><div class=\"wp-block-getwid-section__wrapper\" style=\"min-height:55vh\"><div class=\"wp-block-getwid-section__inner-wrapper\"><div class=\"wp-block-getwid-section__background-holder\"><div class=\"wp-block-getwid-section__background\" style=\"background-image:url('https:\/\/ogv-floss.de\/wp-content\/uploads\/2021\/06\/FotoleisteMitgliedwerden-scaled.jpg')\"><div class=\"wp-block-getwid-section__background-image-wrapper\"><img decoding=\"async\" class=\"wp-block-getwid-section__background-image\" src=\"https:\/\/ogv-floss.de\/wp-content\/uploads\/2021\/06\/FotoleisteMitgliedwerden-scaled.jpg\" alt=\"\"\/><\/div><\/div><div class=\"wp-block-getwid-section__foreground\"><\/div><\/div><div class=\"wp-block-getwid-section__content\"><div class=\"wp-block-getwid-section__inner-content\"><\/div><\/div><\/div><\/div><\/div>\n\n\n\n<div class=\"wp-block-getwid-section ogheading alignwide alignwide getwid-anim fadeInDown getwid-section-content-custom-width\" data-wow-duration=\"2000ms\" data-wow-delay=\"50ms\"><div class=\"wp-block-getwid-section__wrapper\" style=\"min-height:12vh\"><div class=\"wp-block-getwid-section__inner-wrapper\" style=\"max-width:1000px\"><div class=\"wp-block-getwid-section__background-holder\"><div class=\"wp-block-getwid-section__background has-background\" style=\"background-color:#acc600\"><\/div><div class=\"wp-block-getwid-section__foreground\" style=\"mix-blend-mode:\"><\/div><\/div><div class=\"wp-block-getwid-section__content\"><div class=\"wp-block-getwid-section__inner-content\">\n<h1 class=\"wp-block-heading has-text-align-left has-nv-c-2-color has-text-color\">Obst- und Gartenbauverein Flo\u00df und Umgebung<\/h1>\n<\/div><\/div><\/div><\/div><\/div>\n\n\n\n<div class=\"wp-block-getwid-section whiteog alignwide alignwide getwid-anim fadeInUp getwid-section-content-custom-width\" data-wow-duration=\"2000ms\" data-wow-delay=\"50ms\"><div class=\"wp-block-getwid-section__wrapper getwid-align-items-flex-start\" style=\"min-height:50vh\"><div class=\"wp-block-getwid-section__inner-wrapper\" style=\"max-width:1000px\"><div class=\"wp-block-getwid-section__background-holder\"><div class=\"wp-block-getwid-section__background has-background has-nv-text-dark-bg-background-color\"><\/div><div class=\"wp-block-getwid-section__foreground\"><\/div><\/div><div class=\"wp-block-getwid-section__content\"><div class=\"wp-block-getwid-section__inner-content\">\n<div class=\"wp-block-group\"><div class=\"wp-block-group__inner-container is-layout-flow wp-block-group-is-layout-flow\">\n<h2 class=\"wp-block-heading has-nv-c-1-color has-text-color\">Impressum<\/h2>\n\n\n\n<p><strong>Anschrift des Vereins<\/strong><\/p>\n\n\n\n<p>Obst- und Gartenbauverein Floss und Umgebung<br>Vohenstrau\u00dfer Stra\u00dfe 21<br>92685 Flo\u00df<br>Telefon:<br>E-Mail: <span class=\"has-inline-color has-neve-link-color-color\">info@ogv-floss.de<\/span><\/p>\n\n\n\n<p><strong>1.<\/strong> <strong>Vorsitzende<\/strong><\/p>\n\n\n\n<p>Rita Rosner<br>Dr.-Martin-Luther-Ring 3<br>92685 Flo\u00df<\/p>\n\n\n\n<p><strong>2.<\/strong> <strong>Vorsitzende<\/strong><\/p>\n\n\n\n<p id=\"block-dfb4f728-bfde-4def-8529-d5adb5b9151a\">Lederer Edith<br>Hardt 1a<br>92685 Flo\u00df<\/p>\n\n\n\n<h3 class=\"wp-block-heading has-nv-c-1-color has-text-color\" id=\"block-a04bc866-d7df-4ed7-aaa4-f4b6883b13cf\">Ansprechpartner:<\/h3>\n\n\n\n<p><strong>Flosser Gartenkr\u00e4hen<\/strong><br><br>Nicole Venzl<br>Pauschendorf 3<br>92685 Flo\u00df<br><br><strong>Flosser Bahnhofskr\u00e4hen<\/strong><\/p>\n\n\n\n<p>Nadine Gralla-Sommer<br>Am Buchenhain 8<br>92685 Flo\u00df<\/p>\n\n\n\n<h3 class=\"wp-block-heading has-nv-c-1-color has-text-color\">Texte, Fotoauswahl &amp; Design:<\/h3>\n\n\n\n<p>Grafikb\u00fcro Christine Schreiber<br>92685 Flo\u00df<\/p>\n\n\n\n<p><strong>Website Erstellung von<\/strong><br><br>Jonathan Venzl<br>E-Mail: <span class=\"has-inline-color has-neve-link-color-color\">jonathan.venzl@helloweb.design<\/span><br>Website: <a rel=\"noreferrer noopener\" href=\"https:\/\/helloweb.design\" target=\"_blank\">helloweb.design<\/a><\/p>\n\n\n\n<figure class=\"wp-block-image size-large is-resized\"><a href=\"https:\/\/helloweb.design\" target=\"_blank\" rel=\"noopener\"><img loading=\"lazy\" decoding=\"async\" width=\"1024\" height=\"202\" src=\"https:\/\/ogv-floss.de\/wp-content\/uploads\/2021\/06\/logo_okt_01_dark-1024x202.png\" alt=\"\" class=\"wp-image-1347\" style=\"width:377px;height:75px\" srcset=\"https:\/\/ogv-floss.de\/wp-content\/uploads\/2021\/06\/logo_okt_01_dark-1024x202.png 1024w, https:\/\/ogv-floss.de\/wp-content\/uploads\/2021\/06\/logo_okt_01_dark-300x59.png 300w, https:\/\/ogv-floss.de\/wp-content\/uploads\/2021\/06\/logo_okt_01_dark-768x152.png 768w, https:\/\/ogv-floss.de\/wp-content\/uploads\/2021\/06\/logo_okt_01_dark-1536x304.png 1536w, https:\/\/ogv-floss.de\/wp-content\/uploads\/2021\/06\/logo_okt_01_dark.png 1674w\" sizes=\"auto, (max-width: 1024px) 100vw, 1024px\" \/><\/a><\/figure>\n\n\n\n<div style=\"height:25px\" aria-hidden=\"true\" class=\"wp-block-spacer\"><\/div>\n<\/div><\/div>\n<\/div><\/div><\/div><\/div><\/div>\n","protected":false},"excerpt":{"rendered":"","protected":false},"author":2,"featured_media":0,"parent":0,"menu_order":0,"comment_status":"closed","ping_status":"closed","template":"page-templates\/template-pagebuilder-full-width.php","meta":{"advgb_blocks_editor_width":"","advgb_blocks_columns_visual_guide":"","neve_meta_sidebar":"","neve_meta_container":"","neve_meta_enable_content_width":"on","neve_meta_content_width":100,"neve_meta_title_alignment":"","neve_meta_author_avatar":"","neve_post_elements_order":"","neve_meta_disable_header":"","neve_meta_disable_footer":"","neve_meta_disable_title":"on","pgc_sgb_lightbox_settings":"","_themeisle_gutenberg_block_has_review":false,"footnotes":""},"class_list":["post-801","page","type-page","status-publish","hentry"],"coauthors":[],"author_meta":{"author_link":"https:\/\/ogv-floss.de\/?author=2","display_name":"Jonathan"},"relative_dates":{"created":"Ver\u00f6ffentlicht 5\u00a0Jahren vor","modified":"Aktualisiert 1\u00a0Jahr vor"},"absolute_dates":{"created":"Ver\u00f6ffentlicht am 4. Juni 2021","modified":"Aktualisiert am 9. November 2024"},"absolute_dates_time":{"created":"Ver\u00f6ffentlicht am 4. Juni 2021 22:20","modified":"Aktualisiert am 9. November 2024 17:39"},"featured_img_caption":"","featured_img":false,"series_order":"","_links":{"self":[{"href":"https:\/\/ogv-floss.de\/index.php?rest_route=\/wp\/v2\/pages\/801","targetHints":{"allow":["GET"]}}],"collection":[{"href":"https:\/\/ogv-floss.de\/index.php?rest_route=\/wp\/v2\/pages"}],"about":[{"href":"https:\/\/ogv-floss.de\/index.php?rest_route=\/wp\/v2\/types\/page"}],"author":[{"embeddable":true,"href":"https:\/\/ogv-floss.de\/index.php?rest_route=\/wp\/v2\/users\/2"}],"replies":[{"embeddable":true,"href":"https:\/\/ogv-floss.de\/index.php?rest_route=%2Fwp%2Fv2%2Fcomments&post=801"}],"version-history":[{"count":29,"href":"https:\/\/ogv-floss.de\/index.php?rest_route=\/wp\/v2\/pages\/801\/revisions"}],"predecessor-version":[{"id":2101,"href":"https:\/\/ogv-floss.de\/index.php?rest_route=\/wp\/v2\/pages\/801\/revisions\/2101"}],"wp:attachment":[{"href":"https:\/\/ogv-floss.de\/index.php?rest_route=%2Fwp%2Fv2%2Fmedia&parent=801"}],"curies":[{"name":"wp","href":"https:\/\/api.w.org\/{rel}","templated":true}]}}