{"id":496,"date":"2021-06-03T12:14:47","date_gmt":"2021-06-03T10:14:47","guid":{"rendered":"https:\/\/ogv-floss.de\/?page_id=496"},"modified":"2026-04-15T17:13:53","modified_gmt":"2026-04-15T15:13:53","slug":"jahresprogramm-2021","status":"publish","type":"page","link":"https:\/\/ogv-floss.de\/?page_id=496","title":{"rendered":"Jahresprogramm 2026"},"content":{"rendered":"\n<div class=\"wp-block-getwid-section hbild alignfull getwid-anim fadeIn\" data-wow-duration=\"2000ms\" data-wow-delay=\"100ms\"><div class=\"wp-block-getwid-section__wrapper\" style=\"min-height:55vh\"><div class=\"wp-block-getwid-section__inner-wrapper\"><div class=\"wp-block-getwid-section__background-holder\"><div class=\"wp-block-getwid-section__background\" style=\"background-image:url('https:\/\/ogv-floss.de\/wp-content\/uploads\/2021\/06\/FotoleisteJahresprogramm-scaled.jpg')\"><div class=\"wp-block-getwid-section__background-image-wrapper\"><img decoding=\"async\" class=\"wp-block-getwid-section__background-image\" src=\"https:\/\/ogv-floss.de\/wp-content\/uploads\/2021\/06\/FotoleisteJahresprogramm-scaled.jpg\" alt=\"\"\/><\/div><\/div><div class=\"wp-block-getwid-section__foreground\"><\/div><\/div><div class=\"wp-block-getwid-section__content\"><div class=\"wp-block-getwid-section__inner-content\"><\/div><\/div><\/div><\/div><\/div>\n\n\n\n<div class=\"wp-block-getwid-section ogheading alignwide alignwide getwid-anim fadeInDown getwid-section-content-custom-width advgb-dyn-89958fa8\" data-wow-duration=\"2000ms\" data-wow-delay=\"50ms\"><div class=\"wp-block-getwid-section__wrapper\" style=\"min-height:12vh\"><div class=\"wp-block-getwid-section__inner-wrapper\" style=\"max-width:1000px\"><div class=\"wp-block-getwid-section__background-holder\"><div class=\"wp-block-getwid-section__background has-background\" style=\"background-color:#acc600\"><\/div><div class=\"wp-block-getwid-section__foreground\" style=\"mix-blend-mode:\"><\/div><\/div><div class=\"wp-block-getwid-section__content\"><div class=\"wp-block-getwid-section__inner-content\">\n<h1 class=\"wp-block-heading has-text-align-left has-nv-c-2-color has-text-color\" id=\"15c72b4b4f00\">Obst- und Gartenbauverein Flo\u00df und Umgebung<\/h1>\n<\/div><\/div><\/div><\/div><\/div>\n\n\n\n<div class=\"wp-block-getwid-section whiteog alignwide alignwide getwid-anim fadeInUp getwid-section-content-custom-width advgb-dyn-8c233ee3\" data-wow-duration=\"2000ms\" data-wow-delay=\"50ms\"><div class=\"wp-block-getwid-section__wrapper getwid-align-items-flex-start\" style=\"min-height:50vh\"><div class=\"wp-block-getwid-section__inner-wrapper\" style=\"max-width:1000px\"><div class=\"wp-block-getwid-section__background-holder\"><div class=\"wp-block-getwid-section__background has-background has-nv-text-dark-bg-background-color\"><\/div><div class=\"wp-block-getwid-section__foreground\"><\/div><\/div><div class=\"wp-block-getwid-section__content\"><div class=\"wp-block-getwid-section__inner-content\">\n<div class=\"wp-block-group\"><div class=\"wp-block-group__inner-container is-layout-flow wp-block-group-is-layout-flow\">\n<h2 class=\"wp-block-heading has-nv-c-1-color has-text-color\">Programm 2026<\/h2>\n\n\n\n<p>(Alle Termine unter Vorbehalt! \u00c4nderungen werden rechtzeitig bekannt gegeben.)<\/p>\n<\/div><\/div>\n\n\n\n<div class=\"wp-block-advgb-list\"><ul class=\"advgblist-4235305a-1754-4fd3-b466-b4c5138484e2 advgb-list advgb-list-marker\">\n<li><strong>03. Januar 2026  <\/strong>10:00 Uhr  &#8211; 11:30 Uhr im Kreislehrgarten: <strong><mark style=\"background-color:rgba(0, 0, 0, 0)\" class=\"has-inline-color has-nv-site-bg-color\">Gartenkr\u00e4hen<\/mark><\/strong><\/li>\n\n\n\n<li><strong>07. Februar 202<\/strong>6, 10:00 Uhr &#8211; 11:30 Uhr im Kreislehrgarten: <mark style=\"background-color:rgba(0, 0, 0, 0)\" class=\"has-inline-color has-nv-site-bg-color\"><strong>Gartenkr\u00e4hen<\/strong><\/mark> <\/li>\n\n\n\n<li><strong>07. M\u00e4rz 2026<\/strong>, 10:00 Uhr &#8211; 11:30 Uhr im Kreislehrgarten: <strong><mark style=\"background-color:rgba(0, 0, 0, 0)\" class=\"has-inline-color has-nv-site-bg-color\">Gartenkr\u00e4hen<\/mark><\/strong> <\/li>\n\n\n\n<li><strong>14. M\u00e4rz 2026, <\/strong> 10:00 &#8211; 11:30 Uhr im Bahnhofsgarten: <strong><mark style=\"background-color:rgba(0, 0, 0, 0)\" class=\"has-inline-color has-neve-link-color-color\">Bahnhofskr\u00e4hen<\/mark><\/strong><\/li>\n\n\n\n<li><strong>23. M\u00e4rz 2026 Fr\u00fchjahrsversammlung<\/strong> <br>19:00 Uhr im Gartencenter Steinhilber Neustadt\/WN, G\u00e4rtnerweg 1<\/li>\n\n\n\n<li><strong>04. April 2026,<\/strong> 10:00 Uhr &#8211; 11:30 Uhr im Kreislehrgarten: <strong><mark style=\"background-color:rgba(0, 0, 0, 0)\" class=\"has-inline-color has-nv-site-bg-color\">Gartenkr\u00e4hen<\/mark><\/strong> <\/li>\n\n\n\n<li><strong>11.<\/strong> <strong>April 2026 <\/strong>10:00 Uhr -11:30 Uhr im Bahnhofsgarten: <strong><mark style=\"background-color:rgba(0, 0, 0, 0)\" class=\"has-inline-color has-neve-link-color-color\">Bahnhofskr\u00e4hen<\/mark><\/strong><\/li>\n\n\n\n<li><strong>09. Mai 2026<\/strong>,  <strong>Muttertagsbasteln <\/strong>10:00 Uhr bis 11:30 Uhr<\/li>\n\n\n\n<li><strong>09.<\/strong> <strong>Mai 2026,<\/strong> 10:00 Uhr &#8211; 11:30 Uhr im  Kreislehrgarten: <mark style=\"background-color:rgba(0, 0, 0, 0)\" class=\"has-inline-color has-neve-link-color-color\"><strong>Bahnhofskr\u00e4hen<\/strong><\/mark><\/li>\n\n\n\n<li><strong>30. Mai 2026<\/strong>, 10:00 Uhr &#8211; 11:30 Uhr im Kreislehrgarten: <mark style=\"background-color:rgba(0, 0, 0, 0)\" class=\"has-inline-color has-nv-c-1-color\"><strong>Gartenkr\u00e4hen<\/strong><\/mark> Ausweichtermin f\u00fcr Juni<\/li>\n\n\n\n<li><strong>07. Juni 2026<\/strong>, ab 11:00 Uhr im Kreislehrgarten: <strong>Hollerk\u00fcchlfest<\/strong><\/li>\n\n\n\n<li><strong>13.<\/strong> <strong>Juni 2026<\/strong>, 10:00 Uhr &#8211; 11:30 Uhr im Bahnhofsgarten: <mark style=\"background-color:rgba(0, 0, 0, 0)\" class=\"has-inline-color has-neve-link-color-color\"><strong>Bahnhofskr\u00e4hen<\/strong><\/mark><\/li>\n\n\n\n<li><strong>04. Juli 2026.<\/strong> 10:00 Uhr &#8211; 11:30 Uhr im Kreislehrgarten: <strong><mark style=\"background-color:rgba(0, 0, 0, 0)\" class=\"has-inline-color has-nv-site-bg-color\">Gartenkr\u00e4hen<\/mark><\/strong><\/li>\n\n\n\n<li> <strong>11. Juli 2026<\/strong>, 10:00 Uhr &#8211; 12:00 Uhr Vorbereitungen im Bahnhofsgarten: <strong><mark style=\"background-color:rgba(0, 0, 0, 0)\" class=\"has-inline-color has-neve-link-color-color\">Bahnhofskr\u00e4hen<\/mark><\/strong><\/li>\n\n\n\n<li>                                 16:00 Uhr &#8211; 19:00 Uhr <strong>1. Bahnhof-Biergarten<\/strong><\/li>\n\n\n\n<li> 15 Uhr im Kreislehrgarten: <strong>Herrmanns Kasperltheater<\/strong> <br>  Kinderferienprogramm<\/li>\n\n\n\n<li><strong>01. August 2026<\/strong>, 10:00 Uhr &#8211; 11:30 Uhr im Kreislehrgarten: <strong><mark style=\"background-color:rgba(0, 0, 0, 0)\" class=\"has-inline-color has-nv-site-bg-color\">Gartenkr\u00e4hen<\/mark><\/strong><\/li>\n\n\n\n<li><strong>08.<\/strong> <strong>August<\/strong> <strong>2026<\/strong>,  10:00 Uhr &#8211; 11:30 Uhr im Bahnhofsgarten:  <mark style=\"background-color:rgba(0, 0, 0, 0)\" class=\"has-inline-color has-neve-link-color-color\"><strong>Bahnhofskr\u00e4hen<\/strong><\/mark><\/li>\n\n\n\n<li><strong>05. September 2026 <\/strong>10:00 Uhr &#8211; 11:30 Uhr im Kreislehrgarten: <strong><mark style=\"background-color:rgba(0, 0, 0, 0)\" class=\"has-inline-color has-nv-site-bg-color\">Gartenkr\u00e4hen<\/mark><\/strong><\/li>\n\n\n\n<li><strong>12.<\/strong> <strong>September2026 <\/strong>10:00 Uhr &#8211; 11:30 Uhr im Bahnhofsgarten: <strong><mark style=\"background-color:rgba(0, 0, 0, 0)\" class=\"has-inline-color has-neve-link-color-color\">Bahnhofskr\u00e4hen<\/mark><\/strong><\/li>\n\n\n\n<li><strong>10. Oktober 2026,<\/strong> 10:00 Uhr &#8211; 11:30 Uhr im Kreislehrgarten:<strong><mark style=\"background-color:rgba(0, 0, 0, 0)\" class=\"has-inline-color has-nv-site-bg-color\"> Gartenkr\u00e4hen<\/mark><\/strong><\/li>\n\n\n\n<li> <strong>10. Oktober 2026 <\/strong> 10:00 Uhr &#8211; 11:30 Uhr im Bahnhofsgarten:<strong><mark style=\"background-color:rgba(0, 0, 0, 0)\" class=\"has-inline-color has-neve-link-color-color\"> Bahnhofskr\u00e4hen<\/mark><\/strong><\/li>\n\n\n\n<li><strong> 19. Oktober 2026  Herbstversammlung<\/strong><br>19:30 Uhr im  Gasthaus &#8222;Wei\u00dfes R\u00f6ssl&#8220; Flo\u00df<\/li>\n\n\n\n<li><strong>07. November 2026,<\/strong> 10:00 Uhr &#8211; 11:30 Uhr im Kreislehrgarten: <strong><mark style=\"background-color:rgba(0, 0, 0, 0)\" class=\"has-inline-color has-nv-site-bg-color\">Gartenkr\u00e4hen<\/mark><\/strong><\/li>\n\n\n\n<li><strong> 14. November<\/strong> <strong>2026<\/strong> 10:00 Uhr &#8211; 11:30 Uhr im Bahnhofsgarten:<strong><mark style=\"background-color:rgba(0, 0, 0, 0)\" class=\"has-inline-color has-neve-link-color-color\"> Bahnhofskr\u00e4hen<\/mark><\/strong><\/li>\n\n\n\n<li><strong>05. Dezember 2026<\/strong>, 10:00 Uhr &#8211; 11:30 Uhr im Kreislehrgarten: <strong><mark style=\"background-color:rgba(0, 0, 0, 0)\" class=\"has-inline-color has-nv-site-bg-color\">Gartenkr\u00e4hen<\/mark><\/strong><\/li>\n\n\n\n<li><strong>05.<\/strong> <strong>Dezember 2026<\/strong>,  ab 14:00 Uhr Vorbereitungen im Bahnhofsgarten: <strong><mark style=\"background-color:rgba(0, 0, 0, 0)\" class=\"has-inline-color has-neve-link-color-color\">Bahnhofskr\u00e4hen<\/mark><\/strong><br>                                                 ab 16:00 Uhr <strong>Bahnhofsadvent mit Nikolausbesuch und Mitmachaktionen; Honigverkauf<br><\/strong><br><\/li>\n\n\n\n<li><strong>Veranstaltungen (Schnittkurse etc.) Kreisverband f\u00fcr Gartenbau- und Landschaftspflege Neustadt a. d. Waldnaab<\/strong><br><strong>28. M\u00e4rz 2026<\/strong> 9:10 Uhr &#8211; 12:30 Uhr <mark style=\"background-color:rgba(0, 0, 0, 0)\" class=\"has-inline-color has-neve-link-hover-color-color\">&#8222;Naturnaher Obstbaumschnitt, Schnitt von Beerenobst u. Ziergeh\u00f6lzen&#8220;<\/mark> im Kreislehrgarten Flo\u00df<br><strong>06. Juni 2026 <\/strong>9:30 Uhr &#8211; 15:00 Uhr <mark style=\"background-color:rgba(0, 0, 0, 0)\" class=\"has-inline-color has-neve-link-hover-color-color\">&#8222;Naturnahe u. klimagerechte Gartengestaltung; Infos \u00fcber geeignete B\u00e4ume und Zierpflanzen&#8220; <\/mark>in der G\u00e4rtnerei Steinhilber, Neustadt\/WN<br><strong>27. Juni 2026<\/strong> 9:30 Uhr &#8211; 12:30 Uhr &#8222;Sommerpflege von Obstb\u00e4umen, Beerenstr\u00e4uchern u. Zierpflanzen; Gem\u00fcse im Garten&#8220; im Kreislehrgarten Flo\u00df<br><strong>F\u00fcr diese drei Veranstaltungen bitte anmelden bei Maria Treiber  Email: mtreiber@neustadt.de <\/strong><br><a href=\"https:\/\/www.gartenbauvereine-kreisverband-neustadt.de\/jahresprogramm.htm\">https:\/\/www.gartenbauvereine-kreisverband-neustadt.de\/jahresprogramm.htm<\/a><\/li>\n<\/ul><\/div>\n\n\n\n<div class=\"wp-block-getwid-section advgb-dyn-3810c9f4\"><div class=\"wp-block-getwid-section__wrapper\"><div class=\"wp-block-getwid-section__inner-wrapper\"><div class=\"wp-block-getwid-section__background-holder\"><div class=\"wp-block-getwid-section__background\"><\/div><div class=\"wp-block-getwid-section__foreground\"><\/div><\/div><div class=\"wp-block-getwid-section__content\"><div class=\"wp-block-getwid-section__inner-content\"><\/div><\/div><\/div><\/div><\/div>\n<\/div><\/div><\/div><\/div><\/div>\n<style class=\"advgb-styles-renderer\">.wp-block-advgb-list ul.advgblist-4235305a-1754-4fd3-b466-b4c5138484e2 > li{font-size:16px;}.wp-block-advgb-list ul.advgblist-4235305a-1754-4fd3-b466-b4c5138484e2 > li{padding-left:22px;margin-left:0;}.wp-block-advgb-list ul.advgblist-4235305a-1754-4fd3-b466-b4c5138484e2 > li:before{font-size:19px;color:var(--nv-c-1);line-height:18px;margin:10px;padding:3px;margin-left:-32px}.wp-block-advgb-list ul.advgblist-4235305a-1754-4fd3-b466-b4c5138484e2 > li{font-size:16px;}.wp-block-advgb-list ul.advgblist-4235305a-1754-4fd3-b466-b4c5138484e2 > li{padding-left:22px;margin-left:0;}.wp-block-advgb-list ul.advgblist-4235305a-1754-4fd3-b466-b4c5138484e2 > li:before{font-size:19px;color:var(--nv-c-1);line-height:18px;margin:10px;padding:3px;margin-left:-32px}<\/style>","protected":false},"excerpt":{"rendered":"","protected":false},"author":2,"featured_media":0,"parent":0,"menu_order":0,"comment_status":"closed","ping_status":"closed","template":"page-templates\/template-pagebuilder-full-width.php","meta":{"advgb_blocks_editor_width":"","advgb_blocks_columns_visual_guide":"","neve_meta_sidebar":"","neve_meta_container":"","neve_meta_enable_content_width":"on","neve_meta_content_width":100,"neve_meta_title_alignment":"","neve_meta_author_avatar":"","neve_post_elements_order":"","neve_meta_disable_header":"","neve_meta_disable_footer":"","neve_meta_disable_title":"on","pgc_sgb_lightbox_settings":"","_themeisle_gutenberg_block_has_review":false,"footnotes":""},"class_list":["post-496","page","type-page","status-publish","hentry"],"coauthors":[],"author_meta":{"author_link":"https:\/\/ogv-floss.de\/?author=2","display_name":"Jonathan"},"relative_dates":{"created":"Ver\u00f6ffentlicht 5\u00a0Jahren vor","modified":"Aktualisiert 2\u00a0Wochen vor"},"absolute_dates":{"created":"Ver\u00f6ffentlicht am 3. Juni 2021","modified":"Aktualisiert am 15. April 2026"},"absolute_dates_time":{"created":"Ver\u00f6ffentlicht am 3. Juni 2021 12:14","modified":"Aktualisiert am 15. April 2026 17:13"},"featured_img_caption":"","featured_img":false,"series_order":"","_links":{"self":[{"href":"https:\/\/ogv-floss.de\/index.php?rest_route=\/wp\/v2\/pages\/496","targetHints":{"allow":["GET"]}}],"collection":[{"href":"https:\/\/ogv-floss.de\/index.php?rest_route=\/wp\/v2\/pages"}],"about":[{"href":"https:\/\/ogv-floss.de\/index.php?rest_route=\/wp\/v2\/types\/page"}],"author":[{"embeddable":true,"href":"https:\/\/ogv-floss.de\/index.php?rest_route=\/wp\/v2\/users\/2"}],"replies":[{"embeddable":true,"href":"https:\/\/ogv-floss.de\/index.php?rest_route=%2Fwp%2Fv2%2Fcomments&post=496"}],"version-history":[{"count":69,"href":"https:\/\/ogv-floss.de\/index.php?rest_route=\/wp\/v2\/pages\/496\/revisions"}],"predecessor-version":[{"id":2256,"href":"https:\/\/ogv-floss.de\/index.php?rest_route=\/wp\/v2\/pages\/496\/revisions\/2256"}],"wp:attachment":[{"href":"https:\/\/ogv-floss.de\/index.php?rest_route=%2Fwp%2Fv2%2Fmedia&parent=496"}],"curies":[{"name":"wp","href":"https:\/\/api.w.org\/{rel}","templated":true}]}}