{"id":460,"date":"2021-06-03T11:41:46","date_gmt":"2021-06-03T09:41:46","guid":{"rendered":"https:\/\/ogv-floss.de\/?page_id=460"},"modified":"2025-01-27T23:41:08","modified_gmt":"2025-01-27T22:41:08","slug":"kreislehrgarten","status":"publish","type":"page","link":"https:\/\/ogv-floss.de\/?page_id=460","title":{"rendered":"Kreislehrgarten"},"content":{"rendered":"\n<div class=\"wp-block-getwid-section hbild alignfull getwid-anim fadeIn\" data-wow-duration=\"2000ms\" data-wow-delay=\"100ms\"><div class=\"wp-block-getwid-section__wrapper\" style=\"min-height:55vh\"><div class=\"wp-block-getwid-section__inner-wrapper\"><div class=\"wp-block-getwid-section__background-holder\"><div class=\"wp-block-getwid-section__background\" style=\"background-image:url('https:\/\/ogv-floss.de\/wp-content\/uploads\/2022\/09\/IMGP2200AU-scaled.jpg');background-position:33% 52%\"><div class=\"wp-block-getwid-section__background-image-wrapper\"><img decoding=\"async\" class=\"wp-block-getwid-section__background-image\" src=\"https:\/\/ogv-floss.de\/wp-content\/uploads\/2022\/09\/IMGP2200AU-scaled.jpg\" alt=\"\"\/><\/div><\/div><div class=\"wp-block-getwid-section__foreground\"><\/div><\/div><div class=\"wp-block-getwid-section__content\"><div class=\"wp-block-getwid-section__inner-content\"><\/div><\/div><\/div><\/div><\/div>\n\n\n\n<div class=\"wp-block-getwid-section ogheading alignwide alignwide getwid-anim fadeInDown getwid-section-content-custom-width advgb-dyn-89958fa8\" data-wow-duration=\"2000ms\" data-wow-delay=\"50ms\"><div class=\"wp-block-getwid-section__wrapper\" style=\"min-height:12vh\"><div class=\"wp-block-getwid-section__inner-wrapper\" style=\"max-width:1000px\"><div class=\"wp-block-getwid-section__background-holder\"><div class=\"wp-block-getwid-section__background has-background\" style=\"background-color:#acc600\"><\/div><div class=\"wp-block-getwid-section__foreground\" style=\"mix-blend-mode:\"><\/div><\/div><div class=\"wp-block-getwid-section__content\"><div class=\"wp-block-getwid-section__inner-content\">\n<h1 class=\"wp-block-heading has-text-align-left has-nv-c-2-color has-text-color\">Obst- und Gartenbauverein Flo\u00df und Umgebung<\/h1>\n<\/div><\/div><\/div><\/div><\/div>\n\n\n\n<div class=\"wp-block-getwid-section whiteog alignwide alignwide getwid-anim fadeInUp getwid-section-content-custom-width advgb-dyn-abafa9a3\" data-wow-duration=\"2000ms\" data-wow-delay=\"50ms\"><div class=\"wp-block-getwid-section__wrapper getwid-align-items-flex-start\" style=\"min-height:50vh\"><div class=\"wp-block-getwid-section__inner-wrapper\" style=\"max-width:1000px\"><div class=\"wp-block-getwid-section__background-holder\"><div class=\"wp-block-getwid-section__background has-background has-nv-text-dark-bg-background-color\"><\/div><div class=\"wp-block-getwid-section__foreground\"><\/div><\/div><div class=\"wp-block-getwid-section__content\"><div class=\"wp-block-getwid-section__inner-content\">\n<div class=\"wp-block-group\"><div class=\"wp-block-group__inner-container is-layout-flow wp-block-group-is-layout-flow\">\n<h2 class=\"wp-block-heading has-text-align-left has-nv-c-1-color has-text-color\">Der Kreislehrgarten in Flo\u00df &#8211; ein Garten der Sinne<\/h2>\n\n\n\n<h3 class=\"wp-block-heading has-nv-c-1-color has-text-color\">Die Geschichte des Kreislehrgartens in Flo\u00df<\/h3>\n\n\n\n<p>Der damalige 1. Vorsitzende des OGV Flo\u00df und Umgebung Hans Gollwitzer und der damalige Kreisvorsitzende Georg Stahl setzten 1992 gemeinsam mit dem Markt Flo\u00df unter dem damaligen Bgm. Fred Lehner die Idee in die Tat um: ein Kreislehrgarten f\u00fcr den Landkreis Neustadt an der Waldnaab. Und zwar im <span class=\"has-inline-color has-neve-text-color-color\">Markt Flo\u00df<\/span>. Dieser stellte eine 4000 qm gro\u00dfe Fl\u00e4che zur Verf\u00fcgung: einen alten Streuobstgarten an der Vohenstrau\u00dfer Stra\u00dfe.<br><br>Gef\u00f6rdert wurde das Projekt vom <span class=\"has-inline-color has-neve-text-color-color\">Landratsamt NEW<\/span>, damaliger Landrat war Anton Binner. Im Laufe der Jahre entwickelte sich das Areal unter Planung des damaligen Kreisfachberaters Walter Heidenreich zu einem Garten der Sinne. Der Kreislehrgarten in Flo\u00df \u2013 eine Philosophie zum Leben.<\/p>\n<\/div><\/div>\n\n\n\n<p>1995 kamen zu den bestehenden alten Obstb\u00e4umen Wildobst-Hecken und Beerenstr\u00e4ucher hinzu. 1996 wurde der Garten mit einem Bauerngarten erg\u00e4nzt. OGV-Mitglied Hanne Geisler pflegt den Garten seit Anbeginn liebevoll. Insektenhotel von Michl Altmann, eine Kr\u00e4uterschnecke und ein Bienenstand wurden errichtet.<\/p>\n\n\n\n<p>2005 kam die Brunnenanlage mit Bachlauf hinzu. Ein Barfu\u00dfpfad, der Lehmbackofen, die Sinnesspirale und der R\u00e4uberpfad mit Vogelnest machten den Garten der Sinne komplett. Ein Infopavillon am Bocklradweg, der von Mitgliedern des Kreisverbands errichtet wurde, schaffte eine Verbindung zwischen Radweg und Garten.<\/p>\n\n\n\n<p>2010 wurde ein \u00f6ffentliches WC errichtet. Betreut und gepflegt wird es vom Markt Flo\u00df.<\/p>\n\n\n\n<p>2019 wurde der Garten mit einer Infoh\u00fctte und einer imposanten Steinliege vervollst\u00e4ndigt. Am Kreislehrgarten startet der Wanderweg <strong><span class=\"has-inline-color has-neve-link-hover-color-color\"><a href=\"https:\/\/www.der-findling.de\/\" data-type=\"URL\" data-id=\"https:\/\/www.der-findling.de\/\">Der Findling \u2013 Ruhe finden auf Flosser Wegen<\/a><\/span>.<\/strong> Und im Kreislehrgarten an der Steinliege befindet sich die letzte Station dieses abwechslungsreichen Wanderweges.<\/p>\n\n\n\n<p>2020 legten die Flosser Gartenkr\u00e4hen im Bauerngarten \u201eErste-Hilfe-beete\u201c an \u2013 ein Apothekergarten f\u00fcr Gro\u00df und Klein mit Infotafeln zu den Heilkr\u00e4utern. Die Gartenkr\u00e4hentreffen finden meist im Kreislehrgarten statt. Die Kindergruppe betreut das Hochbeet.<\/p>\n\n\n\n<p>2021 wurde der Kreislehrgarten als &#8222;Naturgarten&#8220; verifiziert. <\/p>\n\n\n\n<p>Ob Kinderg\u00e4rten, Vereine, soziale Einrichtungen, Kr\u00e4uterf\u00fchrungen &#8211; Viele Gruppen n\u00fctzen den Garten der Sinne. G\u00e4ste und Touristen aus Nah und Fern verweilen gerne. Im Garten liegt ein G\u00e4stebuch auf.<\/p>\n\n\n\n<p>Gepflegt wird der Garten derzeit von G\u00e4rtnerin Meta Betke, die viel Engagement und Liebe einbringt, was dem Garten eine besondere Aura verleiht. Au\u00dferdem helfen seit Anbeginn viele ehrenamtliche Helfer mit, dass alles reibungslos funktioniert. Josef Schaller, Maciejewski Heinz, uvm. <\/p>\n\n\n\n<p>Der Garten wird \u00fcberwiegend ehrenamtlich gepflegt und betreut. Um die Kosten abzudecken, sind der Kreisverband NEW und der OGV Flo\u00df immer auch auf Spenden angewiesen.<\/p>\n\n\n\n<h3 class=\"wp-block-heading has-nv-c-1-color has-text-color\">Garten &#8211; Ordnung:<\/h3>\n\n\n\n<p>Leider kam es in der Vergangenheit immer wieder zu massivem Pflanzen- und Fr\u00fcchte-Diebstahl. Der Kreisverband f\u00fcr Gartenbau und Landespflege Neustadt an der Waldnaab und der OGV Flo\u00df und Umgebung weisen daher dringend darauf hin, dass Gem\u00fcse, Obst und Beerenfr\u00fcchte nicht zum Mitnehmen gedacht sind. Sie k\u00f6nnen gerne von den Fr\u00fcchten oder Kr\u00e4utern naschen und einzelne \u00c4pfel oder Birnen probieren. Es ist ein Lehrgarten f\u00fcr Alle. Jeder soll die Chance haben, von den Fr\u00fcchten und Kr\u00e4utern zu probieren.<\/p>\n\n\n\n<p>Ge\u00f6ffnet ist der Garten von April bis Oktober. Dann ist auch die Toilette ge\u00f6ffnet.<\/p>\n\n\n\n<p>Hunde d\u00fcrfen in den Kreislehrgarten, sind aber an der Leine zu f\u00fchren.<\/p>\n\n\n\n<p>Bitte benutzen Sie \u00fcberwiegend die Wege.<\/p>\n\n\n\n<h3 class=\"wp-block-heading has-nv-c-1-color has-text-color\">Standort<\/h3>\n\n\n\n<iframe src=\"https:\/\/www.google.com\/maps\/embed?pb=!1m18!1m12!1m3!1d2579.5026961314893!2d12.276071315924991!3d49.72016344759437!2m3!1f0!2f0!3f0!3m2!1i1024!2i768!4f13.1!3m3!1m2!1s0x47a0405f42188b1d%3A0xab98cdf3670105d!2sVohenstrau%C3%9Fer%20Str.%2021%2C%2092685%20Flo%C3%9F!5e0!3m2!1sde!2sde!4v1623054757988!5m2!1sde!2sde\" width=\"1300\" height=\"600\" style=\"border:0;\" allowfullscreen=\"\" loading=\"lazy\"><\/iframe>\n\n\n\n<p>Vohenstrau\u00dfer Stra\u00dfe 21, 92685 Floss<\/p>\n<\/div><\/div><\/div><\/div><\/div>\n","protected":false},"excerpt":{"rendered":"","protected":false},"author":2,"featured_media":0,"parent":0,"menu_order":0,"comment_status":"closed","ping_status":"closed","template":"page-templates\/template-pagebuilder-full-width.php","meta":{"advgb_blocks_editor_width":"","advgb_blocks_columns_visual_guide":"","neve_meta_sidebar":"","neve_meta_container":"","neve_meta_enable_content_width":"on","neve_meta_content_width":100,"neve_meta_title_alignment":"","neve_meta_author_avatar":"","neve_post_elements_order":"","neve_meta_disable_header":"","neve_meta_disable_footer":"","neve_meta_disable_title":"on","pgc_sgb_lightbox_settings":"","_themeisle_gutenberg_block_has_review":false,"footnotes":""},"class_list":["post-460","page","type-page","status-publish","hentry"],"coauthors":[],"author_meta":{"author_link":"https:\/\/ogv-floss.de\/?author=2","display_name":"Jonathan"},"relative_dates":{"created":"Ver\u00f6ffentlicht 5\u00a0Jahren vor","modified":"Aktualisiert 1\u00a0Jahr vor"},"absolute_dates":{"created":"Ver\u00f6ffentlicht am 3. Juni 2021","modified":"Aktualisiert am 27. Januar 2025"},"absolute_dates_time":{"created":"Ver\u00f6ffentlicht am 3. Juni 2021 11:41","modified":"Aktualisiert am 27. Januar 2025 23:41"},"featured_img_caption":"","featured_img":false,"series_order":"","_links":{"self":[{"href":"https:\/\/ogv-floss.de\/index.php?rest_route=\/wp\/v2\/pages\/460","targetHints":{"allow":["GET"]}}],"collection":[{"href":"https:\/\/ogv-floss.de\/index.php?rest_route=\/wp\/v2\/pages"}],"about":[{"href":"https:\/\/ogv-floss.de\/index.php?rest_route=\/wp\/v2\/types\/page"}],"author":[{"embeddable":true,"href":"https:\/\/ogv-floss.de\/index.php?rest_route=\/wp\/v2\/users\/2"}],"replies":[{"embeddable":true,"href":"https:\/\/ogv-floss.de\/index.php?rest_route=%2Fwp%2Fv2%2Fcomments&post=460"}],"version-history":[{"count":14,"href":"https:\/\/ogv-floss.de\/index.php?rest_route=\/wp\/v2\/pages\/460\/revisions"}],"predecessor-version":[{"id":2116,"href":"https:\/\/ogv-floss.de\/index.php?rest_route=\/wp\/v2\/pages\/460\/revisions\/2116"}],"wp:attachment":[{"href":"https:\/\/ogv-floss.de\/index.php?rest_route=%2Fwp%2Fv2%2Fmedia&parent=460"}],"curies":[{"name":"wp","href":"https:\/\/api.w.org\/{rel}","templated":true}]}}