{"id":1005,"date":"2021-06-06T16:29:33","date_gmt":"2021-06-06T14:29:33","guid":{"rendered":"https:\/\/ogv-floss.de\/?page_id=1005"},"modified":"2022-03-23T21:00:12","modified_gmt":"2022-03-23T20:00:12","slug":"presseberichte","status":"publish","type":"page","link":"https:\/\/ogv-floss.de\/?page_id=1005","title":{"rendered":"Presseberichte"},"content":{"rendered":"\n<div class=\"wp-block-getwid-section hbild alignfull getwid-anim fadeIn\" data-wow-duration=\"2000ms\" data-wow-delay=\"100ms\"><div class=\"wp-block-getwid-section__wrapper\" style=\"min-height:55vh\"><div class=\"wp-block-getwid-section__inner-wrapper\"><div class=\"wp-block-getwid-section__background-holder\"><div class=\"wp-block-getwid-section__background\" style=\"background-image:url('https:\/\/ogv-floss.de\/wp-content\/uploads\/2021\/06\/FotoleisteAktuelles-scaled.jpg')\"><div class=\"wp-block-getwid-section__background-image-wrapper\"><img decoding=\"async\" class=\"wp-block-getwid-section__background-image\" src=\"https:\/\/ogv-floss.de\/wp-content\/uploads\/2021\/06\/FotoleisteAktuelles-scaled.jpg\" alt=\"\"\/><\/div><\/div><div class=\"wp-block-getwid-section__foreground\"><\/div><\/div><div class=\"wp-block-getwid-section__content\"><div class=\"wp-block-getwid-section__inner-content\"><\/div><\/div><\/div><\/div><\/div>\n\n\n\n<div class=\"wp-block-getwid-section ogheading alignwide alignwide getwid-anim fadeInDown getwid-section-content-custom-width\" data-wow-duration=\"2000ms\" data-wow-delay=\"50ms\"><div class=\"wp-block-getwid-section__wrapper\" style=\"min-height:12vh\"><div class=\"wp-block-getwid-section__inner-wrapper\" style=\"max-width:1000px\"><div class=\"wp-block-getwid-section__background-holder\"><div class=\"wp-block-getwid-section__background has-background\" style=\"background-color:#acc600\"><\/div><div class=\"wp-block-getwid-section__foreground\" style=\"mix-blend-mode:\"><\/div><\/div><div class=\"wp-block-getwid-section__content\"><div class=\"wp-block-getwid-section__inner-content\">\n<h1 class=\"has-text-align-left has-nv-c-2-color has-text-color wp-block-heading\">Obst- und Gartenbauverein Flo\u00df und Umgebung<\/h1>\n<\/div><\/div><\/div><\/div><\/div>\n\n\n\n<div class=\"wp-block-getwid-section whiteog alignwide alignwide getwid-anim fadeInUp getwid-section-content-custom-width\" data-wow-duration=\"2000ms\" data-wow-delay=\"50ms\"><div class=\"wp-block-getwid-section__wrapper getwid-align-items-flex-start\" style=\"min-height:50vh\"><div class=\"wp-block-getwid-section__inner-wrapper\" style=\"max-width:1000px\"><div class=\"wp-block-getwid-section__background-holder\"><div class=\"wp-block-getwid-section__background has-background has-nv-text-dark-bg-background-color\"><\/div><div class=\"wp-block-getwid-section__foreground\"><\/div><\/div><div class=\"wp-block-getwid-section__content\"><div class=\"wp-block-getwid-section__inner-content\">\n<div class=\"wp-block-group ticss-bf1bbe9a\"><div class=\"wp-block-group__inner-container is-layout-flow wp-block-group-is-layout-flow\"><div class=\"bdpp-wrap bdpp-lite bdpp-post-grid-wrap bdpp-post-data-wrap bdpp-design-2 bdpp-grid-3  bdpp-clearfix\" id=\"bdpp-post-grid-1\">\r\n\t<div class=\"bdpp-post-grid-inr-wrap bdpp-post-data-inr-wrap bdpp-clearfix\"><div class=\"bdpp-post-grid bdpp-col-3 bdpp-columns bdpp-post-2015 bdpp-post-standard bdpp-first bdpp-has-thumb\">\r\n\t<div class=\"bdpp-post-grid-content\">\r\n\t\t\t\t<div class=\"bdpp-post-img-bg\">\r\n\t\t\t<a href=\"https:\/\/ogv-floss.de\/?p=2015\">\r\n\t\t\t\t<img decoding=\"async\" src=\"https:\/\/ogv-floss.de\/wp-content\/uploads\/2023\/09\/OGV-gelbes-Band-6-768x512.jpg\" class=\"bdpp-img bdpp-post-feat-img\" alt=\"Gelbe B\u00e4nder im Flosser Kreislehrgarten &#8222;Ernten erlaubt&#8220;\" \/>\r\n\t\t\t<\/a>\r\n\t\t<\/div>\r\n\t\t\r\n\t\t<div class=\"bdpp-post-margin-content\">\r\n\t\t\t\r\n\t\t\t<h2 class=\"bdpp-post-title\">\r\n\t\t\t\t<a href=\"https:\/\/ogv-floss.de\/?p=2015\">Gelbe B\u00e4nder im Flosser Kreislehrgarten &#8222;Ernten erlaubt&#8220;<\/a>\r\n\t\t\t<\/h2>\r\n\r\n\t\t\t\t\t\t<div class=\"bdpp-post-meta bdpp-post-meta-up\">\r\n\t\t\t\t<span class=\"bdpp-post-meta-data bdpp-post-author\"><i class=\"fa fa-user\"><\/i>Nicole Venzl<\/span><span class=\"bdpp-post-meta-sep\"> &ndash; <\/span><span class=\"bdpp-post-meta-data bdpp-post-date\"><i class=\"fa fa-clock-o\"><\/i>1. September 2023<\/span>\t\t\t<\/div>\r\n\t\t\t\t\t<\/div>\r\n\t<\/div>\r\n<\/div><div class=\"bdpp-post-grid bdpp-col-3 bdpp-columns bdpp-post-1951 bdpp-post-standard bdpp-has-thumb\">\r\n\t<div class=\"bdpp-post-grid-content\">\r\n\t\t\t\t<div class=\"bdpp-post-img-bg\">\r\n\t\t\t<a href=\"https:\/\/ogv-floss.de\/?p=1951\">\r\n\t\t\t\t<img decoding=\"async\" src=\"https:\/\/ogv-floss.de\/wp-content\/uploads\/2023\/06\/Hollerkuechlfest-4-768x512.jpg\" class=\"bdpp-img bdpp-post-feat-img\" alt=\"Onetz: Schlange stehen f\u00fcr Hollerk\u00fcchel im Flosser Kreislehrgarten\" \/>\r\n\t\t\t<\/a>\r\n\t\t<\/div>\r\n\t\t\r\n\t\t<div class=\"bdpp-post-margin-content\">\r\n\t\t\t\r\n\t\t\t<h2 class=\"bdpp-post-title\">\r\n\t\t\t\t<a href=\"https:\/\/ogv-floss.de\/?p=1951\">Onetz: Schlange stehen f\u00fcr Hollerk\u00fcchel im Flosser Kreislehrgarten<\/a>\r\n\t\t\t<\/h2>\r\n\r\n\t\t\t\t\t\t<div class=\"bdpp-post-meta bdpp-post-meta-up\">\r\n\t\t\t\t<span class=\"bdpp-post-meta-data bdpp-post-author\"><i class=\"fa fa-user\"><\/i>Nicole Venzl<\/span><span class=\"bdpp-post-meta-sep\"> &ndash; <\/span><span class=\"bdpp-post-meta-data bdpp-post-date\"><i class=\"fa fa-clock-o\"><\/i>6. Juni 2023<\/span>\t\t\t<\/div>\r\n\t\t\t\t\t<\/div>\r\n\t<\/div>\r\n<\/div><div class=\"bdpp-post-grid bdpp-col-3 bdpp-columns bdpp-post-1883 bdpp-post-standard bdpp-has-thumb\">\r\n\t<div class=\"bdpp-post-grid-content\">\r\n\t\t\t\t<div class=\"bdpp-post-img-bg\">\r\n\t\t\t<a href=\"https:\/\/ogv-floss.de\/?p=1883\">\r\n\t\t\t\t<img decoding=\"async\" src=\"https:\/\/ogv-floss.de\/wp-content\/uploads\/2023\/02\/BahnhofskraehenLogoupdate.jpg\" class=\"bdpp-img bdpp-post-feat-img\" alt=\"Onetz: Flosser Bahnhofskr\u00e4hen &#8211; 1. Adventsmarkt am alten Bahnhof\" \/>\r\n\t\t\t<\/a>\r\n\t\t<\/div>\r\n\t\t\r\n\t\t<div class=\"bdpp-post-margin-content\">\r\n\t\t\t\r\n\t\t\t<h2 class=\"bdpp-post-title\">\r\n\t\t\t\t<a href=\"https:\/\/ogv-floss.de\/?p=1883\">Onetz: Flosser Bahnhofskr\u00e4hen &#8211; 1. Adventsmarkt am alten Bahnhof<\/a>\r\n\t\t\t<\/h2>\r\n\r\n\t\t\t\t\t\t<div class=\"bdpp-post-meta bdpp-post-meta-up\">\r\n\t\t\t\t<span class=\"bdpp-post-meta-data bdpp-post-author\"><i class=\"fa fa-user\"><\/i>Nicole Venzl<\/span><span class=\"bdpp-post-meta-sep\"> &ndash; <\/span><span class=\"bdpp-post-meta-data bdpp-post-date\"><i class=\"fa fa-clock-o\"><\/i>11. Dezember 2022<\/span>\t\t\t<\/div>\r\n\t\t\t\t\t<\/div>\r\n\t<\/div>\r\n<\/div><div class=\"bdpp-post-grid bdpp-col-3 bdpp-columns bdpp-post-1878 bdpp-post-standard bdpp-first bdpp-has-thumb\">\r\n\t<div class=\"bdpp-post-grid-content\">\r\n\t\t\t\t<div class=\"bdpp-post-img-bg\">\r\n\t\t\t<a href=\"https:\/\/ogv-floss.de\/?p=1878\">\r\n\t\t\t\t<img decoding=\"async\" src=\"https:\/\/ogv-floss.de\/wp-content\/uploads\/2021\/06\/LogoOGVFloss-768x677.png\" class=\"bdpp-img bdpp-post-feat-img\" alt=\"Onetz: Herbstversammlung OGV-Floss\" \/>\r\n\t\t\t<\/a>\r\n\t\t<\/div>\r\n\t\t\r\n\t\t<div class=\"bdpp-post-margin-content\">\r\n\t\t\t\r\n\t\t\t<h2 class=\"bdpp-post-title\">\r\n\t\t\t\t<a href=\"https:\/\/ogv-floss.de\/?p=1878\">Onetz: Herbstversammlung OGV-Floss<\/a>\r\n\t\t\t<\/h2>\r\n\r\n\t\t\t\t\t\t<div class=\"bdpp-post-meta bdpp-post-meta-up\">\r\n\t\t\t\t<span class=\"bdpp-post-meta-data bdpp-post-author\"><i class=\"fa fa-user\"><\/i>Nicole Venzl<\/span><span class=\"bdpp-post-meta-sep\"> &ndash; <\/span><span class=\"bdpp-post-meta-data bdpp-post-date\"><i class=\"fa fa-clock-o\"><\/i>16. November 2022<\/span>\t\t\t<\/div>\r\n\t\t\t\t\t<\/div>\r\n\t<\/div>\r\n<\/div><div class=\"bdpp-post-grid bdpp-col-3 bdpp-columns bdpp-post-1876 bdpp-post-standard bdpp-has-thumb\">\r\n\t<div class=\"bdpp-post-grid-content\">\r\n\t\t\t\t<div class=\"bdpp-post-img-bg\">\r\n\t\t\t<a href=\"https:\/\/ogv-floss.de\/?p=1876\">\r\n\t\t\t\t<img decoding=\"async\" src=\"https:\/\/ogv-floss.de\/wp-content\/uploads\/2023\/02\/BahnhofskraehenLogoupdate.jpg\" class=\"bdpp-img bdpp-post-feat-img\" alt=\"OTV: &#8222;Guad-gmacht-Preis f\u00fcr die Flosser Bahnhofskr\u00e4hen\" \/>\r\n\t\t\t<\/a>\r\n\t\t<\/div>\r\n\t\t\r\n\t\t<div class=\"bdpp-post-margin-content\">\r\n\t\t\t\r\n\t\t\t<h2 class=\"bdpp-post-title\">\r\n\t\t\t\t<a href=\"https:\/\/ogv-floss.de\/?p=1876\">OTV: &#8222;Guad-gmacht-Preis f\u00fcr die Flosser Bahnhofskr\u00e4hen<\/a>\r\n\t\t\t<\/h2>\r\n\r\n\t\t\t\t\t\t<div class=\"bdpp-post-meta bdpp-post-meta-up\">\r\n\t\t\t\t<span class=\"bdpp-post-meta-data bdpp-post-author\"><i class=\"fa fa-user\"><\/i>Nicole Venzl<\/span><span class=\"bdpp-post-meta-sep\"> &ndash; <\/span><span class=\"bdpp-post-meta-data bdpp-post-date\"><i class=\"fa fa-clock-o\"><\/i>16. November 2022<\/span>\t\t\t<\/div>\r\n\t\t\t\t\t<\/div>\r\n\t<\/div>\r\n<\/div><div class=\"bdpp-post-grid bdpp-col-3 bdpp-columns bdpp-post-1848 bdpp-post-standard bdpp-has-thumb\">\r\n\t<div class=\"bdpp-post-grid-content\">\r\n\t\t\t\t<div class=\"bdpp-post-img-bg\">\r\n\t\t\t<a href=\"https:\/\/ogv-floss.de\/?p=1848\">\r\n\t\t\t\t<img decoding=\"async\" src=\"https:\/\/ogv-floss.de\/wp-content\/uploads\/2023\/02\/BahnhofskraehenLogoupdate.jpg\" class=\"bdpp-img bdpp-post-feat-img\" alt=\"Onetz: Flosser Bahnhofskr\u00e4hen &#8211; Erntedankmarkt am alten Bahnhof\" \/>\r\n\t\t\t<\/a>\r\n\t\t<\/div>\r\n\t\t\r\n\t\t<div class=\"bdpp-post-margin-content\">\r\n\t\t\t\r\n\t\t\t<h2 class=\"bdpp-post-title\">\r\n\t\t\t\t<a href=\"https:\/\/ogv-floss.de\/?p=1848\">Onetz: Flosser Bahnhofskr\u00e4hen &#8211; Erntedankmarkt am alten Bahnhof<\/a>\r\n\t\t\t<\/h2>\r\n\r\n\t\t\t\t\t\t<div class=\"bdpp-post-meta bdpp-post-meta-up\">\r\n\t\t\t\t<span class=\"bdpp-post-meta-data bdpp-post-author\"><i class=\"fa fa-user\"><\/i>Nicole Venzl<\/span><span class=\"bdpp-post-meta-sep\"> &ndash; <\/span><span class=\"bdpp-post-meta-data bdpp-post-date\"><i class=\"fa fa-clock-o\"><\/i>5. Oktober 2022<\/span>\t\t\t<\/div>\r\n\t\t\t\t\t<\/div>\r\n\t<\/div>\r\n<\/div><div class=\"bdpp-post-grid bdpp-col-3 bdpp-columns bdpp-post-1809 bdpp-post-standard bdpp-first bdpp-has-thumb\">\r\n\t<div class=\"bdpp-post-grid-content\">\r\n\t\t\t\t<div class=\"bdpp-post-img-bg\">\r\n\t\t\t<a href=\"https:\/\/ogv-floss.de\/?p=1809\">\r\n\t\t\t\t<img decoding=\"async\" src=\"https:\/\/ogv-floss.de\/wp-content\/uploads\/2021\/06\/LogoOGVFloss-768x677.png\" class=\"bdpp-img bdpp-post-feat-img\" alt=\"Onetz: Kinderferienprogramm &#8211; Kasperltheater im Kreislehrgarten\" \/>\r\n\t\t\t<\/a>\r\n\t\t<\/div>\r\n\t\t\r\n\t\t<div class=\"bdpp-post-margin-content\">\r\n\t\t\t\r\n\t\t\t<h2 class=\"bdpp-post-title\">\r\n\t\t\t\t<a href=\"https:\/\/ogv-floss.de\/?p=1809\">Onetz: Kinderferienprogramm &#8211; Kasperltheater im Kreislehrgarten<\/a>\r\n\t\t\t<\/h2>\r\n\r\n\t\t\t\t\t\t<div class=\"bdpp-post-meta bdpp-post-meta-up\">\r\n\t\t\t\t<span class=\"bdpp-post-meta-data bdpp-post-author\"><i class=\"fa fa-user\"><\/i>Nicole Venzl<\/span><span class=\"bdpp-post-meta-sep\"> &ndash; <\/span><span class=\"bdpp-post-meta-data bdpp-post-date\"><i class=\"fa fa-clock-o\"><\/i>3. August 2022<\/span>\t\t\t<\/div>\r\n\t\t\t\t\t<\/div>\r\n\t<\/div>\r\n<\/div><div class=\"bdpp-post-grid bdpp-col-3 bdpp-columns bdpp-post-1805 bdpp-post-standard bdpp-has-thumb\">\r\n\t<div class=\"bdpp-post-grid-content\">\r\n\t\t\t\t<div class=\"bdpp-post-img-bg\">\r\n\t\t\t<a href=\"https:\/\/ogv-floss.de\/?p=1805\">\r\n\t\t\t\t<img decoding=\"async\" src=\"https:\/\/ogv-floss.de\/wp-content\/uploads\/2021\/06\/LogoOGVFloss-768x677.png\" class=\"bdpp-img bdpp-post-feat-img\" alt=\"Onetz: Hollerk\u00fcchlfest 2022\" \/>\r\n\t\t\t<\/a>\r\n\t\t<\/div>\r\n\t\t\r\n\t\t<div class=\"bdpp-post-margin-content\">\r\n\t\t\t\r\n\t\t\t<h2 class=\"bdpp-post-title\">\r\n\t\t\t\t<a href=\"https:\/\/ogv-floss.de\/?p=1805\">Onetz: Hollerk\u00fcchlfest 2022<\/a>\r\n\t\t\t<\/h2>\r\n\r\n\t\t\t\t\t\t<div class=\"bdpp-post-meta bdpp-post-meta-up\">\r\n\t\t\t\t<span class=\"bdpp-post-meta-data bdpp-post-author\"><i class=\"fa fa-user\"><\/i>Nicole Venzl<\/span><span class=\"bdpp-post-meta-sep\"> &ndash; <\/span><span class=\"bdpp-post-meta-data bdpp-post-date\"><i class=\"fa fa-clock-o\"><\/i>12. Juli 2022<\/span>\t\t\t<\/div>\r\n\t\t\t\t\t<\/div>\r\n\t<\/div>\r\n<\/div><div class=\"bdpp-post-grid bdpp-col-3 bdpp-columns bdpp-post-1799 bdpp-post-standard bdpp-has-thumb\">\r\n\t<div class=\"bdpp-post-grid-content\">\r\n\t\t\t\t<div class=\"bdpp-post-img-bg\">\r\n\t\t\t<a href=\"https:\/\/ogv-floss.de\/?p=1799\">\r\n\t\t\t\t<img decoding=\"async\" src=\"https:\/\/ogv-floss.de\/wp-content\/uploads\/2023\/02\/BahnhofskraehenLogoupdate.jpg\" class=\"bdpp-img bdpp-post-feat-img\" alt=\"Onetz: Flosser Bahnhofskr\u00e4hen Kreissieger Vielfaltsmeisterschaft\" \/>\r\n\t\t\t<\/a>\r\n\t\t<\/div>\r\n\t\t\r\n\t\t<div class=\"bdpp-post-margin-content\">\r\n\t\t\t\r\n\t\t\t<h2 class=\"bdpp-post-title\">\r\n\t\t\t\t<a href=\"https:\/\/ogv-floss.de\/?p=1799\">Onetz: Flosser Bahnhofskr\u00e4hen Kreissieger Vielfaltsmeisterschaft<\/a>\r\n\t\t\t<\/h2>\r\n\r\n\t\t\t\t\t\t<div class=\"bdpp-post-meta bdpp-post-meta-up\">\r\n\t\t\t\t<span class=\"bdpp-post-meta-data bdpp-post-author\"><i class=\"fa fa-user\"><\/i>Nicole Venzl<\/span><span class=\"bdpp-post-meta-sep\"> &ndash; <\/span><span class=\"bdpp-post-meta-data bdpp-post-date\"><i class=\"fa fa-clock-o\"><\/i>12. Juli 2022<\/span>\t\t\t<\/div>\r\n\t\t\t\t\t<\/div>\r\n\t<\/div>\r\n<\/div><div class=\"bdpp-post-grid bdpp-col-3 bdpp-columns bdpp-post-1796 bdpp-post-standard bdpp-first bdpp-has-thumb\">\r\n\t<div class=\"bdpp-post-grid-content\">\r\n\t\t\t\t<div class=\"bdpp-post-img-bg\">\r\n\t\t\t<a href=\"https:\/\/ogv-floss.de\/?p=1796\">\r\n\t\t\t\t<img decoding=\"async\" src=\"https:\/\/ogv-floss.de\/wp-content\/uploads\/2021\/08\/LogoGakrae-768x765.jpg\" class=\"bdpp-img bdpp-post-feat-img\" alt=\"Onetz: Flosser Gartenkr\u00e4hen sorgen im Kreislehrgarten f\u00fcr frisches Gem\u00fcse\" \/>\r\n\t\t\t<\/a>\r\n\t\t<\/div>\r\n\t\t\r\n\t\t<div class=\"bdpp-post-margin-content\">\r\n\t\t\t\r\n\t\t\t<h2 class=\"bdpp-post-title\">\r\n\t\t\t\t<a href=\"https:\/\/ogv-floss.de\/?p=1796\">Onetz: Flosser Gartenkr\u00e4hen sorgen im Kreislehrgarten f\u00fcr frisches Gem\u00fcse<\/a>\r\n\t\t\t<\/h2>\r\n\r\n\t\t\t\t\t\t<div class=\"bdpp-post-meta bdpp-post-meta-up\">\r\n\t\t\t\t<span class=\"bdpp-post-meta-data bdpp-post-author\"><i class=\"fa fa-user\"><\/i>Nicole Venzl<\/span><span class=\"bdpp-post-meta-sep\"> &ndash; <\/span><span class=\"bdpp-post-meta-data bdpp-post-date\"><i class=\"fa fa-clock-o\"><\/i>12. Juli 2022<\/span>\t\t\t<\/div>\r\n\t\t\t\t\t<\/div>\r\n\t<\/div>\r\n<\/div><div class=\"bdpp-post-grid bdpp-col-3 bdpp-columns bdpp-post-1753 bdpp-post-standard bdpp-has-thumb\">\r\n\t<div class=\"bdpp-post-grid-content\">\r\n\t\t\t\t<div class=\"bdpp-post-img-bg\">\r\n\t\t\t<a href=\"https:\/\/ogv-floss.de\/?p=1753\">\r\n\t\t\t\t<img decoding=\"async\" src=\"https:\/\/ogv-floss.de\/wp-content\/uploads\/2023\/02\/BahnhofskraehenLogoupdate.jpg\" class=\"bdpp-img bdpp-post-feat-img\" alt=\"Onetz: Flosser Bahnhofskr\u00e4hen starten ins Gartenjahr\" \/>\r\n\t\t\t<\/a>\r\n\t\t<\/div>\r\n\t\t\r\n\t\t<div class=\"bdpp-post-margin-content\">\r\n\t\t\t\r\n\t\t\t<h2 class=\"bdpp-post-title\">\r\n\t\t\t\t<a href=\"https:\/\/ogv-floss.de\/?p=1753\">Onetz: Flosser Bahnhofskr\u00e4hen starten ins Gartenjahr<\/a>\r\n\t\t\t<\/h2>\r\n\r\n\t\t\t\t\t\t<div class=\"bdpp-post-meta bdpp-post-meta-up\">\r\n\t\t\t\t<span class=\"bdpp-post-meta-data bdpp-post-author\"><i class=\"fa fa-user\"><\/i>Nicole Venzl<\/span><span class=\"bdpp-post-meta-sep\"> &ndash; <\/span><span class=\"bdpp-post-meta-data bdpp-post-date\"><i class=\"fa fa-clock-o\"><\/i>23. M\u00e4rz 2022<\/span>\t\t\t<\/div>\r\n\t\t\t\t\t<\/div>\r\n\t<\/div>\r\n<\/div><div class=\"bdpp-post-grid bdpp-col-3 bdpp-columns bdpp-post-1751 bdpp-post-standard bdpp-has-thumb\">\r\n\t<div class=\"bdpp-post-grid-content\">\r\n\t\t\t\t<div class=\"bdpp-post-img-bg\">\r\n\t\t\t<a href=\"https:\/\/ogv-floss.de\/?p=1751\">\r\n\t\t\t\t<img decoding=\"async\" src=\"https:\/\/ogv-floss.de\/wp-content\/uploads\/2023\/02\/BahnhofskraehenLogoupdate.jpg\" class=\"bdpp-img bdpp-post-feat-img\" alt=\"Onetz: Toller Jahresabschluss Flosser Bahnhofskr\u00e4hen\" \/>\r\n\t\t\t<\/a>\r\n\t\t<\/div>\r\n\t\t\r\n\t\t<div class=\"bdpp-post-margin-content\">\r\n\t\t\t\r\n\t\t\t<h2 class=\"bdpp-post-title\">\r\n\t\t\t\t<a href=\"https:\/\/ogv-floss.de\/?p=1751\">Onetz: Toller Jahresabschluss Flosser Bahnhofskr\u00e4hen<\/a>\r\n\t\t\t<\/h2>\r\n\r\n\t\t\t\t\t\t<div class=\"bdpp-post-meta bdpp-post-meta-up\">\r\n\t\t\t\t<span class=\"bdpp-post-meta-data bdpp-post-author\"><i class=\"fa fa-user\"><\/i>Nicole Venzl<\/span><span class=\"bdpp-post-meta-sep\"> &ndash; <\/span><span class=\"bdpp-post-meta-data bdpp-post-date\"><i class=\"fa fa-clock-o\"><\/i>23. M\u00e4rz 2022<\/span>\t\t\t<\/div>\r\n\t\t\t\t\t<\/div>\r\n\t<\/div>\r\n<\/div><div class=\"bdpp-post-grid bdpp-col-3 bdpp-columns bdpp-post-1749 bdpp-post-standard bdpp-first bdpp-has-thumb\">\r\n\t<div class=\"bdpp-post-grid-content\">\r\n\t\t\t\t<div class=\"bdpp-post-img-bg\">\r\n\t\t\t<a href=\"https:\/\/ogv-floss.de\/?p=1749\">\r\n\t\t\t\t<img decoding=\"async\" src=\"https:\/\/ogv-floss.de\/wp-content\/uploads\/2023\/02\/BahnhofskraehenLogoupdate.jpg\" class=\"bdpp-img bdpp-post-feat-img\" alt=\"Onetz: Winterfenster statt Flosser Bahnhofsadvent\" \/>\r\n\t\t\t<\/a>\r\n\t\t<\/div>\r\n\t\t\r\n\t\t<div class=\"bdpp-post-margin-content\">\r\n\t\t\t\r\n\t\t\t<h2 class=\"bdpp-post-title\">\r\n\t\t\t\t<a href=\"https:\/\/ogv-floss.de\/?p=1749\">Onetz: Winterfenster statt Flosser Bahnhofsadvent<\/a>\r\n\t\t\t<\/h2>\r\n\r\n\t\t\t\t\t\t<div class=\"bdpp-post-meta bdpp-post-meta-up\">\r\n\t\t\t\t<span class=\"bdpp-post-meta-data bdpp-post-author\"><i class=\"fa fa-user\"><\/i>Nicole Venzl<\/span><span class=\"bdpp-post-meta-sep\"> &ndash; <\/span><span class=\"bdpp-post-meta-data bdpp-post-date\"><i class=\"fa fa-clock-o\"><\/i>23. M\u00e4rz 2022<\/span>\t\t\t<\/div>\r\n\t\t\t\t\t<\/div>\r\n\t<\/div>\r\n<\/div><div class=\"bdpp-post-grid bdpp-col-3 bdpp-columns bdpp-post-1670 bdpp-post-standard bdpp-has-thumb\">\r\n\t<div class=\"bdpp-post-grid-content\">\r\n\t\t\t\t<div class=\"bdpp-post-img-bg\">\r\n\t\t\t<a href=\"https:\/\/ogv-floss.de\/?p=1670\">\r\n\t\t\t\t<img decoding=\"async\" src=\"https:\/\/ogv-floss.de\/wp-content\/uploads\/2021\/06\/LogoOGVFloss-768x677.png\" class=\"bdpp-img bdpp-post-feat-img\" alt=\"Onetz: Flosser Obst- und Gartenbauverein ehrt treue Mitglieder\" \/>\r\n\t\t\t<\/a>\r\n\t\t<\/div>\r\n\t\t\r\n\t\t<div class=\"bdpp-post-margin-content\">\r\n\t\t\t\r\n\t\t\t<h2 class=\"bdpp-post-title\">\r\n\t\t\t\t<a href=\"https:\/\/ogv-floss.de\/?p=1670\">Onetz: Flosser Obst- und Gartenbauverein ehrt treue Mitglieder<\/a>\r\n\t\t\t<\/h2>\r\n\r\n\t\t\t\t\t\t<div class=\"bdpp-post-meta bdpp-post-meta-up\">\r\n\t\t\t\t<span class=\"bdpp-post-meta-data bdpp-post-author\"><i class=\"fa fa-user\"><\/i>Nicole Venzl<\/span><span class=\"bdpp-post-meta-sep\"> &ndash; <\/span><span class=\"bdpp-post-meta-data bdpp-post-date\"><i class=\"fa fa-clock-o\"><\/i>25. September 2021<\/span>\t\t\t<\/div>\r\n\t\t\t\t\t<\/div>\r\n\t<\/div>\r\n<\/div><div class=\"bdpp-post-grid bdpp-col-3 bdpp-columns bdpp-post-1666 bdpp-post-standard bdpp-has-thumb\">\r\n\t<div class=\"bdpp-post-grid-content\">\r\n\t\t\t\t<div class=\"bdpp-post-img-bg\">\r\n\t\t\t<a href=\"https:\/\/ogv-floss.de\/?p=1666\">\r\n\t\t\t\t<img decoding=\"async\" src=\"https:\/\/ogv-floss.de\/wp-content\/uploads\/2021\/06\/LogoOGVFloss-768x677.png\" class=\"bdpp-img bdpp-post-feat-img\" alt=\"Onetz: Obst- und Gartenbauverein Floss w\u00e4hlt F\u00fchrungsriege\" \/>\r\n\t\t\t<\/a>\r\n\t\t<\/div>\r\n\t\t\r\n\t\t<div class=\"bdpp-post-margin-content\">\r\n\t\t\t\r\n\t\t\t<h2 class=\"bdpp-post-title\">\r\n\t\t\t\t<a href=\"https:\/\/ogv-floss.de\/?p=1666\">Onetz: Obst- und Gartenbauverein Floss w\u00e4hlt F\u00fchrungsriege<\/a>\r\n\t\t\t<\/h2>\r\n\r\n\t\t\t\t\t\t<div class=\"bdpp-post-meta bdpp-post-meta-up\">\r\n\t\t\t\t<span class=\"bdpp-post-meta-data bdpp-post-author\"><i class=\"fa fa-user\"><\/i>Nicole Venzl<\/span><span class=\"bdpp-post-meta-sep\"> &ndash; <\/span><span class=\"bdpp-post-meta-data bdpp-post-date\"><i class=\"fa fa-clock-o\"><\/i>25. September 2021<\/span>\t\t\t<\/div>\r\n\t\t\t\t\t<\/div>\r\n\t<\/div>\r\n<\/div><div class=\"bdpp-post-grid bdpp-col-3 bdpp-columns bdpp-post-1481 bdpp-post-standard bdpp-first bdpp-has-thumb\">\r\n\t<div class=\"bdpp-post-grid-content\">\r\n\t\t\t\t<div class=\"bdpp-post-img-bg\">\r\n\t\t\t<a href=\"https:\/\/ogv-floss.de\/?p=1481\">\r\n\t\t\t\t<img decoding=\"async\" src=\"https:\/\/ogv-floss.de\/wp-content\/uploads\/2021\/08\/LogoGakrae-768x765.jpg\" class=\"bdpp-img bdpp-post-feat-img\" alt=\"Onetz: Bunt wie die Gruppenstunden: Flosser Gartenkr\u00e4hen feiern Zehnj\u00e4hriges\" \/>\r\n\t\t\t<\/a>\r\n\t\t<\/div>\r\n\t\t\r\n\t\t<div class=\"bdpp-post-margin-content\">\r\n\t\t\t\r\n\t\t\t<h2 class=\"bdpp-post-title\">\r\n\t\t\t\t<a href=\"https:\/\/ogv-floss.de\/?p=1481\">Onetz: Bunt wie die Gruppenstunden: Flosser Gartenkr\u00e4hen feiern Zehnj\u00e4hriges<\/a>\r\n\t\t\t<\/h2>\r\n\r\n\t\t\t\t\t\t<div class=\"bdpp-post-meta bdpp-post-meta-up\">\r\n\t\t\t\t<span class=\"bdpp-post-meta-data bdpp-post-author\"><i class=\"fa fa-user\"><\/i>Nicole Venzl<\/span><span class=\"bdpp-post-meta-sep\"> &ndash; <\/span><span class=\"bdpp-post-meta-data bdpp-post-date\"><i class=\"fa fa-clock-o\"><\/i>16. August 2021<\/span>\t\t\t<\/div>\r\n\t\t\t\t\t<\/div>\r\n\t<\/div>\r\n<\/div><div class=\"bdpp-post-grid bdpp-col-3 bdpp-columns bdpp-post-1372 bdpp-post-standard bdpp-has-thumb\">\r\n\t<div class=\"bdpp-post-grid-content\">\r\n\t\t\t\t<div class=\"bdpp-post-img-bg\">\r\n\t\t\t<a href=\"https:\/\/ogv-floss.de\/?p=1372\">\r\n\t\t\t\t<img decoding=\"async\" src=\"https:\/\/ogv-floss.de\/wp-content\/uploads\/2023\/02\/BahnhofskraehenLogoupdate.jpg\" class=\"bdpp-img bdpp-post-feat-img\" alt=\"Onetz: Im Flosser Bahnhofsgarten werkeln k\u00fcnftig die &#8222;Bahnhofskr\u00e4hen&#8220;\" \/>\r\n\t\t\t<\/a>\r\n\t\t<\/div>\r\n\t\t\r\n\t\t<div class=\"bdpp-post-margin-content\">\r\n\t\t\t\r\n\t\t\t<h2 class=\"bdpp-post-title\">\r\n\t\t\t\t<a href=\"https:\/\/ogv-floss.de\/?p=1372\">Onetz: Im Flosser Bahnhofsgarten werkeln k\u00fcnftig die &#8222;Bahnhofskr\u00e4hen&#8220;<\/a>\r\n\t\t\t<\/h2>\r\n\r\n\t\t\t\t\t\t<div class=\"bdpp-post-meta bdpp-post-meta-up\">\r\n\t\t\t\t<span class=\"bdpp-post-meta-data bdpp-post-author\"><i class=\"fa fa-user\"><\/i>Nicole Venzl<\/span><span class=\"bdpp-post-meta-sep\"> &ndash; <\/span><span class=\"bdpp-post-meta-data bdpp-post-date\"><i class=\"fa fa-clock-o\"><\/i>1. Juli 2021<\/span>\t\t\t<\/div>\r\n\t\t\t\t\t<\/div>\r\n\t<\/div>\r\n<\/div>\t<\/div>\r\n\t<\/div>\n\n\n\n<p><\/p>\n<\/div><\/div>\n<\/div><\/div><\/div><\/div><\/div>\n","protected":false},"excerpt":{"rendered":"","protected":false},"author":2,"featured_media":0,"parent":0,"menu_order":0,"comment_status":"closed","ping_status":"closed","template":"page-templates\/template-pagebuilder-full-width.php","meta":{"advgb_blocks_editor_width":"","advgb_blocks_columns_visual_guide":"","neve_meta_sidebar":"default","neve_meta_container":"","neve_meta_enable_content_width":"on","neve_meta_content_width":100,"neve_meta_title_alignment":"left","neve_meta_author_avatar":"","neve_post_elements_order":"","neve_meta_disable_header":"","neve_meta_disable_footer":"","neve_meta_disable_title":"on","pgc_sgb_lightbox_settings":"","_themeisle_gutenberg_block_has_review":false,"footnotes":""},"class_list":["post-1005","page","type-page","status-publish","hentry"],"coauthors":[],"author_meta":{"author_link":"https:\/\/ogv-floss.de\/?author=2","display_name":"Jonathan"},"relative_dates":{"created":"Posted 5\u00a0Jahren ago","modified":"Updated 4\u00a0Jahren ago"},"absolute_dates":{"created":"Posted on 6. Juni 2021","modified":"Updated on 23. M\u00e4rz 2022"},"absolute_dates_time":{"created":"Posted on 6. Juni 2021 16:29","modified":"Updated on 23. M\u00e4rz 2022 21:00"},"featured_img_caption":"","featured_img":false,"series_order":"","_links":{"self":[{"href":"https:\/\/ogv-floss.de\/index.php?rest_route=\/wp\/v2\/pages\/1005","targetHints":{"allow":["GET"]}}],"collection":[{"href":"https:\/\/ogv-floss.de\/index.php?rest_route=\/wp\/v2\/pages"}],"about":[{"href":"https:\/\/ogv-floss.de\/index.php?rest_route=\/wp\/v2\/types\/page"}],"author":[{"embeddable":true,"href":"https:\/\/ogv-floss.de\/index.php?rest_route=\/wp\/v2\/users\/2"}],"replies":[{"embeddable":true,"href":"https:\/\/ogv-floss.de\/index.php?rest_route=%2Fwp%2Fv2%2Fcomments&post=1005"}],"version-history":[{"count":6,"href":"https:\/\/ogv-floss.de\/index.php?rest_route=\/wp\/v2\/pages\/1005\/revisions"}],"predecessor-version":[{"id":1747,"href":"https:\/\/ogv-floss.de\/index.php?rest_route=\/wp\/v2\/pages\/1005\/revisions\/1747"}],"wp:attachment":[{"href":"https:\/\/ogv-floss.de\/index.php?rest_route=%2Fwp%2Fv2%2Fmedia&parent=1005"}],"curies":[{"name":"wp","href":"https:\/\/api.w.org\/{rel}","templated":true}]}}